{"id":6068,"date":"2024-09-06T17:49:54","date_gmt":"2024-09-06T15:49:54","guid":{"rendered":"https:\/\/www.zadco-sg.com\/%d9%85%d8%b4%d8%a7%d8%b1%d9%8a%d8%b9%d9%86%d8%a7\/"},"modified":"2024-09-19T15:03:21","modified_gmt":"2024-09-19T13:03:21","slug":"%d9%85%d8%b4%d8%a7%d8%b1%d9%8a%d8%b9%d9%86%d8%a7","status":"publish","type":"page","link":"https:\/\/www.zadco-sg.com\/fr\/%d9%85%d8%b4%d8%a7%d8%b1%d9%8a%d8%b9%d9%86%d8%a7\/","title":{"rendered":"Nos projets"},"content":{"rendered":"\t\t<div data-elementor-type=\"wp-page\" data-elementor-id=\"6068\" class=\"elementor elementor-6068\" data-elementor-post-type=\"page\">\n\t\t\t\t\t\t<section class=\"elementor-section elementor-top-section elementor-element elementor-element-ad77974 elementor-section-full_width elementor-section-height-default elementor-section-height-default\" data-id=\"ad77974\" data-element_type=\"section\">\n\t\t\t\t\t\t<div class=\"elementor-container elementor-column-gap-no\">\n\t\t\t\t\t<div class=\"elementor-column elementor-col-100 elementor-top-column elementor-element elementor-element-1c79e94\" data-id=\"1c79e94\" data-element_type=\"column\">\n\t\t\t<div class=\"elementor-widget-wrap elementor-element-populated\">\n\t\t\t\t\t\t<section class=\"elementor-section elementor-inner-section elementor-element elementor-element-d928347 elementor-section-full_width elementor-section-height-default elementor-section-height-default\" data-id=\"d928347\" data-element_type=\"section\">\n\t\t\t\t\t\t<div class=\"elementor-container elementor-column-gap-no\">\n\t\t\t\t\t<div class=\"elementor-column elementor-col-100 elementor-inner-column elementor-element elementor-element-e94917b\" data-id=\"e94917b\" data-element_type=\"column\">\n\t\t\t<div class=\"elementor-widget-wrap elementor-element-populated\">\n\t\t\t\t\t\t<div class=\"elementor-element elementor-element-00b527b elementor-widget elementor-widget-energisosectiontitle\" data-id=\"00b527b\" data-element_type=\"widget\" data-widget_type=\"energisosectiontitle.default\">\n\t\t\t\t<div class=\"elementor-widget-container\">\n\t\t\t<!-- Section Title --><div class=\"title-area-two center\" ><h2 class=\"sec-subtitle subtitle-selector\">Nos projets<\/h2><h3 class=\"sec-title title-selector h1\">Nos projets racontent notre r\u00e9ussite<\/h3><\/div><!-- End Section Title -->\t\t<\/div>\n\t\t\t\t<\/div>\n\t\t\t\t<div class=\"elementor-element elementor-element-f3bb108 elementor-widget elementor-widget-energisoprojectslider\" data-id=\"f3bb108\" data-element_type=\"widget\" data-widget_type=\"energisoprojectslider.default\">\n\t\t\t\t<div class=\"elementor-widget-container\">\n\t\t\t<div class=\"project-wrapper\"><div class=\"container\"><div class=\"row filter-service-box\"><div class=\"col-lg-6 col-xxl-auto filter-service\"><div class=\"project-style1 \"><div class=\"project-img\"><a href=\"\"><img decoding=\"async\" src=\"https:\/\/www.zadco-sg.com\/wp-content\/uploads\/2024\/09\/Design-sans-titre-24.png\" alt=\"zadcocompany\"  \/><\/a><\/div><div class=\"project-content\"><span class=\"project-category\">Nos projets<\/span><h3 class=\"project-title h4\"><a href=\"\" class=\"text-inherit\">\u00c9clairage durable de la route principale \u00e0 Al-Gra\u00effa gr\u00e2ce aux \u00e9nergies renouvelables<\/a><\/h3><div class=\"shape-dotted\"><\/div><\/div><\/div><\/div><div class=\"col-lg-6 col-xxl-auto filter-service\"><div class=\"project-style1 \"><div class=\"project-img\"><a href=\"\"><img decoding=\"async\" src=\"https:\/\/www.zadco-sg.com\/wp-content\/uploads\/2024\/09\/Design-sans-titre-22.png\" alt=\"zadcocompany\"  \/><\/a><\/div><div class=\"project-content\"><span class=\"project-category\">Nos projets<\/span><h3 class=\"project-title h4\"><a href=\"\" class=\"text-inherit\">Entretien r\u00e9gulier des ascenseurs et des escaliers m\u00e9caniques<\/a><\/h3><div class=\"shape-dotted\"><\/div><\/div><\/div><\/div><div class=\"col-lg-6 col-xxl-auto filter-service\"><div class=\"project-style1 \"><div class=\"project-img\"><a href=\"\"><img decoding=\"async\" src=\"https:\/\/www.zadco-sg.com\/wp-content\/uploads\/2024\/09\/Design-sans-titre-26.png\" alt=\"zadcocompany\"  \/><\/a><\/div><div class=\"project-content\"><span class=\"project-category\">Nos projets<\/span><h3 class=\"project-title h4\"><a href=\"\" class=\"text-inherit\">R\u00e9alisations de ZADCO dans le secteur des constructions \u00e9lectriques : Extension de c\u00e2bles 11kV<\/a><\/h3><div class=\"shape-dotted\"><\/div><\/div><\/div><\/div><div class=\"col-lg-6 col-xxl-auto filter-service\"><div class=\"project-style1 \"><div class=\"project-img\"><a href=\"\"><img decoding=\"async\" src=\"https:\/\/www.zadco-sg.com\/wp-content\/uploads\/2024\/09\/Design-sans-titre-25.png\" alt=\"zadcocompany\"  \/><\/a><\/div><div class=\"project-content\"><span class=\"project-category\">Nos projets<\/span><h3 class=\"project-title h4\"><a href=\"\" class=\"text-inherit\">Installation d&#039;un chauffe-eau solaire \u00e0 Misrata<\/a><\/h3><div class=\"shape-dotted\"><\/div><\/div><\/div><\/div><div class=\"col-lg-6 col-xxl-auto filter-service\"><div class=\"project-style1 \"><div class=\"project-img\"><a href=\"\"><img decoding=\"async\" src=\"https:\/\/www.zadco-sg.com\/wp-content\/uploads\/2024\/09\/Design-sans-titre-23.png\" alt=\"zadcocompany\"  \/><\/a><\/div><div class=\"project-content\"><span class=\"project-category\">Nos projets<\/span><h3 class=\"project-title h4\"><a href=\"\" class=\"text-inherit\">Conception, fourniture et installation de syst\u00e8mes solaires avec une capacit\u00e9 op\u00e9rationnelle de 40 kW et une capacit\u00e9 de stockage de 96 kWh, pour les centres de sant\u00e9 de la ville de Derna.<\/a><\/h3><div class=\"shape-dotted\"><\/div><\/div><\/div><\/div><div class=\"col-lg-6 col-xxl-auto filter-service\"><div class=\"project-style1 \"><div class=\"project-img\"><a href=\"\"><img decoding=\"async\" src=\"https:\/\/www.zadco-sg.com\/wp-content\/uploads\/2024\/09\/Design-sans-titre-29.png\" alt=\"Design sans titre 29\"  \/><\/a><\/div><div class=\"project-content\"><span class=\"project-category\">Nos projets<\/span><h3 class=\"project-title h4\"><a href=\"\" class=\"text-inherit\">Installation d&#039;un ascenseur r\u00e9sidentiel, avec v\u00e9rification de toutes les mesures de s\u00e9curit\u00e9 et de s\u00fbret\u00e9 de l&#039;ascenseur.<\/a><\/h3><div class=\"shape-dotted\"><\/div><\/div><\/div><\/div><\/div><\/div><\/div>\t\t<\/div>\n\t\t\t\t<\/div>\n\t\t\t\t\t<\/div>\n\t\t<\/div>\n\t\t\t\t\t<\/div>\n\t\t<\/section>\n\t\t\t\t\t<\/div>\n\t\t<\/div>\n\t\t\t\t\t<\/div>\n\t\t<\/section>\n\t\t\t\t<\/div>\n\t\t","protected":false},"excerpt":{"rendered":"<p>Nos projets Nos projets racontent notre r\u00e9ussite Nos projets \u00c9clairage durable de la route principale \u00e0 Al-Gra\u00effa gr\u00e2ce aux \u00e9nergies renouvelables Nos projets Entretien r\u00e9gulier des ascenseurs et des escaliers m\u00e9caniques Nos projets R\u00e9alisations de ZADCO dans le secteur des constructions \u00e9lectriques : Extension de c\u00e2bles 11kV Nos projets Installation d&#039;un chauffe-eau solaire \u00e0 Misrata&#8230;<\/p>\n","protected":false},"author":1,"featured_media":0,"parent":0,"menu_order":0,"comment_status":"closed","ping_status":"closed","template":"template-builder.php","meta":{"footnotes":""},"class_list":["post-6068","page","type-page","status-publish","hentry"],"yoast_head":"<!-- This site is optimized with the Yoast SEO plugin v27.1.1 - https:\/\/yoast.com\/product\/yoast-seo-wordpress\/ -->\n<title>Nos projets - zadco \u0632\u0627\u062f\u0643\u0648<\/title>\n<meta name=\"description\" content=\"Nos projetsNos projets racontent notre r\u00e9ussite Nos projets\u00c9clairage durable de la route principale \u00e0 Al-Gra\u00effa gr\u00e2ce aux \u00e9nergies renouvelablesNos\" \/>\n<meta name=\"robots\" content=\"index, follow, max-snippet:-1, max-image-preview:large, max-video-preview:-1\" \/>\n<link rel=\"canonical\" href=\"https:\/\/www.zadco-sg.com\/fr\/\u0645\u0634\u0627\u0631\u064a\u0639\u0646\u0627\/\" \/>\n<meta property=\"og:locale\" content=\"fr_FR\" \/>\n<meta property=\"og:type\" content=\"article\" \/>\n<meta property=\"og:title\" content=\"Nos projets - zadco \u0632\u0627\u062f\u0643\u0648\" \/>\n<meta property=\"og:description\" content=\"Nos projetsNos projets racontent notre r\u00e9ussite Nos projets\u00c9clairage durable de la route principale \u00e0 Al-Gra\u00effa gr\u00e2ce aux \u00e9nergies renouvelablesNos\" \/>\n<meta property=\"og:url\" content=\"https:\/\/www.zadco-sg.com\/fr\/\u0645\u0634\u0627\u0631\u064a\u0639\u0646\u0627\/\" \/>\n<meta property=\"og:site_name\" content=\"zadco \u0632\u0627\u062f\u0643\u0648\" \/>\n<meta property=\"article:publisher\" content=\"https:\/\/www.facebook.com\/zadcocomapny\" \/>\n<meta property=\"article:modified_time\" content=\"2024-09-19T13:03:21+00:00\" \/>\n<meta property=\"og:image\" content=\"https:\/\/www.zadco-sg.com\/wp-content\/uploads\/2024\/09\/Design-sans-titre-24.png\" \/>\n<meta name=\"twitter:card\" content=\"summary_large_image\" \/>\n<meta name=\"twitter:label1\" content=\"Dur\u00e9e de lecture estim\u00e9e\" \/>\n\t<meta name=\"twitter:data1\" content=\"1 minute\" \/>\n<script type=\"application\/ld+json\" class=\"yoast-schema-graph\">{\"@context\":\"https:\/\/schema.org\",\"@graph\":[{\"@type\":\"WebPage\",\"@id\":\"https:\/\/www.zadco-sg.com\/fr\/%d9%85%d8%b4%d8%a7%d8%b1%d9%8a%d8%b9%d9%86%d8%a7\/\",\"url\":\"https:\/\/www.zadco-sg.com\/fr\/%d9%85%d8%b4%d8%a7%d8%b1%d9%8a%d8%b9%d9%86%d8%a7\/\",\"name\":\"Nos projets - zadco \u0632\u0627\u062f\u0643\u0648\",\"isPartOf\":{\"@id\":\"https:\/\/www.zadco-sg.com\/#website\"},\"primaryImageOfPage\":{\"@id\":\"https:\/\/www.zadco-sg.com\/fr\/%d9%85%d8%b4%d8%a7%d8%b1%d9%8a%d8%b9%d9%86%d8%a7\/#primaryimage\"},\"image\":{\"@id\":\"https:\/\/www.zadco-sg.com\/fr\/%d9%85%d8%b4%d8%a7%d8%b1%d9%8a%d8%b9%d9%86%d8%a7\/#primaryimage\"},\"thumbnailUrl\":\"https:\/\/www.zadco-sg.com\/wp-content\/uploads\/2024\/09\/Design-sans-titre-24.png\",\"datePublished\":\"2024-09-06T15:49:54+00:00\",\"dateModified\":\"2024-09-19T13:03:21+00:00\",\"description\":\"Nos projetsNos projets racontent notre r\u00e9ussite Nos projets\u00c9clairage durable de la route principale \u00e0 Al-Gra\u00effa gr\u00e2ce aux \u00e9nergies renouvelablesNos\",\"breadcrumb\":{\"@id\":\"https:\/\/www.zadco-sg.com\/fr\/%d9%85%d8%b4%d8%a7%d8%b1%d9%8a%d8%b9%d9%86%d8%a7\/#breadcrumb\"},\"inLanguage\":\"fr-FR\",\"potentialAction\":[{\"@type\":\"ReadAction\",\"target\":[\"https:\/\/www.zadco-sg.com\/fr\/%d9%85%d8%b4%d8%a7%d8%b1%d9%8a%d8%b9%d9%86%d8%a7\/\"]}]},{\"@type\":\"ImageObject\",\"inLanguage\":\"fr-FR\",\"@id\":\"https:\/\/www.zadco-sg.com\/fr\/%d9%85%d8%b4%d8%a7%d8%b1%d9%8a%d8%b9%d9%86%d8%a7\/#primaryimage\",\"url\":\"https:\/\/www.zadco-sg.com\/wp-content\/uploads\/2024\/09\/Design-sans-titre-24.png\",\"contentUrl\":\"https:\/\/www.zadco-sg.com\/wp-content\/uploads\/2024\/09\/Design-sans-titre-24.png\"},{\"@type\":\"BreadcrumbList\",\"@id\":\"https:\/\/www.zadco-sg.com\/fr\/%d9%85%d8%b4%d8%a7%d8%b1%d9%8a%d8%b9%d9%86%d8%a7\/#breadcrumb\",\"itemListElement\":[{\"@type\":\"ListItem\",\"position\":1,\"name\":\"Home\",\"item\":\"https:\/\/www.zadco-sg.com\/fr\/\"},{\"@type\":\"ListItem\",\"position\":2,\"name\":\"Nos projets\"}]},{\"@type\":\"WebSite\",\"@id\":\"https:\/\/www.zadco-sg.com\/#website\",\"url\":\"https:\/\/www.zadco-sg.com\/\",\"name\":\"zadco \u0632\u0627\u062f\u0643\u0648\",\"description\":\"\u0646\u0628\u062f\u0623 \u0628\u0627\u0644\u0646\u0632\u0627\u0647\u0629 \u0648\u0646\u0646\u062a\u0647\u064a \u0628\u0627\u0644\u062a\u0645\u064a\u0632\",\"publisher\":{\"@id\":\"https:\/\/www.zadco-sg.com\/#organization\"},\"potentialAction\":[{\"@type\":\"SearchAction\",\"target\":{\"@type\":\"EntryPoint\",\"urlTemplate\":\"https:\/\/www.zadco-sg.com\/?s={search_term_string}\"},\"query-input\":{\"@type\":\"PropertyValueSpecification\",\"valueRequired\":true,\"valueName\":\"search_term_string\"}}],\"inLanguage\":\"fr-FR\"},{\"@type\":\"Organization\",\"@id\":\"https:\/\/www.zadco-sg.com\/#organization\",\"name\":\"zadco \u0632\u0627\u062f\u0643\u0648\",\"url\":\"https:\/\/www.zadco-sg.com\/\",\"logo\":{\"@type\":\"ImageObject\",\"inLanguage\":\"fr-FR\",\"@id\":\"https:\/\/www.zadco-sg.com\/#\/schema\/logo\/image\/\",\"url\":\"https:\/\/www.zadco-sg.com\/wp-content\/uploads\/2025\/08\/zadco-finle-logo-1-2-1-1.png\",\"contentUrl\":\"https:\/\/www.zadco-sg.com\/wp-content\/uploads\/2025\/08\/zadco-finle-logo-1-2-1-1.png\",\"width\":234,\"height\":119,\"caption\":\"zadco \u0632\u0627\u062f\u0643\u0648\"},\"image\":{\"@id\":\"https:\/\/www.zadco-sg.com\/#\/schema\/logo\/image\/\"},\"sameAs\":[\"https:\/\/www.facebook.com\/zadcocomapny\",\"https:\/\/www.instagram.com\/zadcosolutions\/\",\"https:\/\/www.youtube.com\/@ZadcoCompanyLy\"]}]}<\/script>\n<!-- \/ Yoast SEO plugin. -->","yoast_head_json":{"title":"Nos projets - zadco \u0632\u0627\u062f\u0643\u0648","description":"Nos projetsNos projets racontent notre r\u00e9ussite Nos projets\u00c9clairage durable de la route principale \u00e0 Al-Gra\u00effa gr\u00e2ce aux \u00e9nergies renouvelablesNos","robots":{"index":"index","follow":"follow","max-snippet":"max-snippet:-1","max-image-preview":"max-image-preview:large","max-video-preview":"max-video-preview:-1"},"canonical":"https:\/\/www.zadco-sg.com\/fr\/\u0645\u0634\u0627\u0631\u064a\u0639\u0646\u0627\/","og_locale":"fr_FR","og_type":"article","og_title":"Nos projets - zadco \u0632\u0627\u062f\u0643\u0648","og_description":"Nos projetsNos projets racontent notre r\u00e9ussite Nos projets\u00c9clairage durable de la route principale \u00e0 Al-Gra\u00effa gr\u00e2ce aux \u00e9nergies renouvelablesNos","og_url":"https:\/\/www.zadco-sg.com\/fr\/\u0645\u0634\u0627\u0631\u064a\u0639\u0646\u0627\/","og_site_name":"zadco \u0632\u0627\u062f\u0643\u0648","article_publisher":"https:\/\/www.facebook.com\/zadcocomapny","article_modified_time":"2024-09-19T13:03:21+00:00","og_image":[{"url":"https:\/\/www.zadco-sg.com\/wp-content\/uploads\/2024\/09\/Design-sans-titre-24.png","type":"","width":"","height":""}],"twitter_card":"summary_large_image","twitter_misc":{"Dur\u00e9e de lecture estim\u00e9e":"1 minute"},"schema":{"@context":"https:\/\/schema.org","@graph":[{"@type":"WebPage","@id":"https:\/\/www.zadco-sg.com\/fr\/%d9%85%d8%b4%d8%a7%d8%b1%d9%8a%d8%b9%d9%86%d8%a7\/","url":"https:\/\/www.zadco-sg.com\/fr\/%d9%85%d8%b4%d8%a7%d8%b1%d9%8a%d8%b9%d9%86%d8%a7\/","name":"Nos projets - zadco \u0632\u0627\u062f\u0643\u0648","isPartOf":{"@id":"https:\/\/www.zadco-sg.com\/#website"},"primaryImageOfPage":{"@id":"https:\/\/www.zadco-sg.com\/fr\/%d9%85%d8%b4%d8%a7%d8%b1%d9%8a%d8%b9%d9%86%d8%a7\/#primaryimage"},"image":{"@id":"https:\/\/www.zadco-sg.com\/fr\/%d9%85%d8%b4%d8%a7%d8%b1%d9%8a%d8%b9%d9%86%d8%a7\/#primaryimage"},"thumbnailUrl":"https:\/\/www.zadco-sg.com\/wp-content\/uploads\/2024\/09\/Design-sans-titre-24.png","datePublished":"2024-09-06T15:49:54+00:00","dateModified":"2024-09-19T13:03:21+00:00","description":"Nos projetsNos projets racontent notre r\u00e9ussite Nos projets\u00c9clairage durable de la route principale \u00e0 Al-Gra\u00effa gr\u00e2ce aux \u00e9nergies renouvelablesNos","breadcrumb":{"@id":"https:\/\/www.zadco-sg.com\/fr\/%d9%85%d8%b4%d8%a7%d8%b1%d9%8a%d8%b9%d9%86%d8%a7\/#breadcrumb"},"inLanguage":"fr-FR","potentialAction":[{"@type":"ReadAction","target":["https:\/\/www.zadco-sg.com\/fr\/%d9%85%d8%b4%d8%a7%d8%b1%d9%8a%d8%b9%d9%86%d8%a7\/"]}]},{"@type":"ImageObject","inLanguage":"fr-FR","@id":"https:\/\/www.zadco-sg.com\/fr\/%d9%85%d8%b4%d8%a7%d8%b1%d9%8a%d8%b9%d9%86%d8%a7\/#primaryimage","url":"https:\/\/www.zadco-sg.com\/wp-content\/uploads\/2024\/09\/Design-sans-titre-24.png","contentUrl":"https:\/\/www.zadco-sg.com\/wp-content\/uploads\/2024\/09\/Design-sans-titre-24.png"},{"@type":"BreadcrumbList","@id":"https:\/\/www.zadco-sg.com\/fr\/%d9%85%d8%b4%d8%a7%d8%b1%d9%8a%d8%b9%d9%86%d8%a7\/#breadcrumb","itemListElement":[{"@type":"ListItem","position":1,"name":"Home","item":"https:\/\/www.zadco-sg.com\/fr\/"},{"@type":"ListItem","position":2,"name":"Nos projets"}]},{"@type":"WebSite","@id":"https:\/\/www.zadco-sg.com\/#website","url":"https:\/\/www.zadco-sg.com\/","name":"zadco \u0632\u0627\u062f\u0643\u0648","description":"\u0646\u0628\u062f\u0623 \u0628\u0627\u0644\u0646\u0632\u0627\u0647\u0629 \u0648\u0646\u0646\u062a\u0647\u064a \u0628\u0627\u0644\u062a\u0645\u064a\u0632","publisher":{"@id":"https:\/\/www.zadco-sg.com\/#organization"},"potentialAction":[{"@type":"SearchAction","target":{"@type":"EntryPoint","urlTemplate":"https:\/\/www.zadco-sg.com\/?s={search_term_string}"},"query-input":{"@type":"PropertyValueSpecification","valueRequired":true,"valueName":"search_term_string"}}],"inLanguage":"fr-FR"},{"@type":"Organization","@id":"https:\/\/www.zadco-sg.com\/#organization","name":"zadco \u0632\u0627\u062f\u0643\u0648","url":"https:\/\/www.zadco-sg.com\/","logo":{"@type":"ImageObject","inLanguage":"fr-FR","@id":"https:\/\/www.zadco-sg.com\/#\/schema\/logo\/image\/","url":"https:\/\/www.zadco-sg.com\/wp-content\/uploads\/2025\/08\/zadco-finle-logo-1-2-1-1.png","contentUrl":"https:\/\/www.zadco-sg.com\/wp-content\/uploads\/2025\/08\/zadco-finle-logo-1-2-1-1.png","width":234,"height":119,"caption":"zadco \u0632\u0627\u062f\u0643\u0648"},"image":{"@id":"https:\/\/www.zadco-sg.com\/#\/schema\/logo\/image\/"},"sameAs":["https:\/\/www.facebook.com\/zadcocomapny","https:\/\/www.instagram.com\/zadcosolutions\/","https:\/\/www.youtube.com\/@ZadcoCompanyLy"]}]}},"_links":{"self":[{"href":"https:\/\/www.zadco-sg.com\/fr\/wp-json\/wp\/v2\/pages\/6068","targetHints":{"allow":["GET"]}}],"collection":[{"href":"https:\/\/www.zadco-sg.com\/fr\/wp-json\/wp\/v2\/pages"}],"about":[{"href":"https:\/\/www.zadco-sg.com\/fr\/wp-json\/wp\/v2\/types\/page"}],"author":[{"embeddable":true,"href":"https:\/\/www.zadco-sg.com\/fr\/wp-json\/wp\/v2\/users\/1"}],"replies":[{"embeddable":true,"href":"https:\/\/www.zadco-sg.com\/fr\/wp-json\/wp\/v2\/comments?post=6068"}],"version-history":[{"count":8,"href":"https:\/\/www.zadco-sg.com\/fr\/wp-json\/wp\/v2\/pages\/6068\/revisions"}],"predecessor-version":[{"id":6685,"href":"https:\/\/www.zadco-sg.com\/fr\/wp-json\/wp\/v2\/pages\/6068\/revisions\/6685"}],"wp:attachment":[{"href":"https:\/\/www.zadco-sg.com\/fr\/wp-json\/wp\/v2\/media?parent=6068"}],"curies":[{"name":"wp","href":"https:\/\/api.w.org\/{rel}","templated":true}]}}