{"id":6067,"date":"2024-09-05T16:09:56","date_gmt":"2024-09-05T14:09:56","guid":{"rendered":"https:\/\/www.zadco-sg.com\/%d8%b9%d9%85%d9%84%d8%a7%d8%a6%d9%86%d8%a7\/"},"modified":"2025-08-25T12:34:38","modified_gmt":"2025-08-25T10:34:38","slug":"nos-clients","status":"publish","type":"page","link":"https:\/\/www.zadco-sg.com\/fr\/nos-clients\/","title":{"rendered":"Nos clients"},"content":{"rendered":"\t\t<div data-elementor-type=\"wp-page\" data-elementor-id=\"6067\" class=\"elementor elementor-6067\" data-elementor-post-type=\"page\">\n\t\t\t\t\t\t<section class=\"elementor-section elementor-top-section elementor-element elementor-element-48c2645 elementor-section-full_width elementor-section-height-default elementor-section-height-default\" data-id=\"48c2645\" data-element_type=\"section\" data-settings=\"{&quot;background_background&quot;:&quot;classic&quot;}\">\n\t\t\t\t\t\t<div class=\"elementor-container elementor-column-gap-no\">\n\t\t\t\t\t<div class=\"elementor-column elementor-col-100 elementor-top-column elementor-element elementor-element-923d4b3\" data-id=\"923d4b3\" data-element_type=\"column\">\n\t\t\t<div class=\"elementor-widget-wrap elementor-element-populated\">\n\t\t\t\t\t\t<div class=\"elementor-element elementor-element-a33898f elementor-widget elementor-widget-spacer\" data-id=\"a33898f\" data-element_type=\"widget\" data-widget_type=\"spacer.default\">\n\t\t\t\t<div class=\"elementor-widget-container\">\n\t\t\t<style>\/*! elementor - v3.23.0 - 05-08-2024 *\/\n.elementor-column .elementor-spacer-inner{height:var(--spacer-size)}.e-con{--container-widget-width:100%}.e-con-inner>.elementor-widget-spacer,.e-con>.elementor-widget-spacer{width:var(--container-widget-width,var(--spacer-size));--align-self:var(--container-widget-align-self,initial);--flex-shrink:0}.e-con-inner>.elementor-widget-spacer>.elementor-widget-container,.e-con>.elementor-widget-spacer>.elementor-widget-container{height:100%;width:100%}.e-con-inner>.elementor-widget-spacer>.elementor-widget-container>.elementor-spacer,.e-con>.elementor-widget-spacer>.elementor-widget-container>.elementor-spacer{height:100%}.e-con-inner>.elementor-widget-spacer>.elementor-widget-container>.elementor-spacer>.elementor-spacer-inner,.e-con>.elementor-widget-spacer>.elementor-widget-container>.elementor-spacer>.elementor-spacer-inner{height:var(--container-widget-height,var(--spacer-size))}.e-con-inner>.elementor-widget-spacer.elementor-widget-empty,.e-con>.elementor-widget-spacer.elementor-widget-empty{position:relative;min-height:22px;min-width:22px}.e-con-inner>.elementor-widget-spacer.elementor-widget-empty .elementor-widget-empty-icon,.e-con>.elementor-widget-spacer.elementor-widget-empty .elementor-widget-empty-icon{position:absolute;top:0;bottom:0;left:0;right:0;margin:auto;padding:0;width:22px;height:22px}<\/style>\t\t<div class=\"elementor-spacer\">\n\t\t\t<div class=\"elementor-spacer-inner\"><\/div>\n\t\t<\/div>\n\t\t\t\t<\/div>\n\t\t\t\t<\/div>\n\t\t\t\t<div class=\"elementor-element elementor-element-cdafa1f elementor-widget elementor-widget-heading\" data-id=\"cdafa1f\" data-element_type=\"widget\" data-widget_type=\"heading.default\">\n\t\t\t\t<div class=\"elementor-widget-container\">\n\t\t\t<style>\/*! elementor - v3.23.0 - 05-08-2024 *\/\n.elementor-heading-title{padding:0;margin:0;line-height:1}.elementor-widget-heading .elementor-heading-title[class*=elementor-size-]>a{color:inherit;font-size:inherit;line-height:inherit}.elementor-widget-heading .elementor-heading-title.elementor-size-small{font-size:15px}.elementor-widget-heading .elementor-heading-title.elementor-size-medium{font-size:19px}.elementor-widget-heading .elementor-heading-title.elementor-size-large{font-size:29px}.elementor-widget-heading .elementor-heading-title.elementor-size-xl{font-size:39px}.elementor-widget-heading .elementor-heading-title.elementor-size-xxl{font-size:59px}<\/style><h2 class=\"elementor-heading-title elementor-size-default\">Nos clients<\/h2>\t\t<\/div>\n\t\t\t\t<\/div>\n\t\t\t\t<div class=\"elementor-element elementor-element-2547569 elementor-widget elementor-widget-spacer\" data-id=\"2547569\" data-element_type=\"widget\" data-widget_type=\"spacer.default\">\n\t\t\t\t<div class=\"elementor-widget-container\">\n\t\t\t\t\t<div class=\"elementor-spacer\">\n\t\t\t<div class=\"elementor-spacer-inner\"><\/div>\n\t\t<\/div>\n\t\t\t\t<\/div>\n\t\t\t\t<\/div>\n\t\t\t\t\t<\/div>\n\t\t<\/div>\n\t\t\t\t\t<\/div>\n\t\t<\/section>\n\t\t\t\t<section class=\"elementor-section elementor-top-section elementor-element elementor-element-4f7c780 elementor-section-full_width elementor-section-height-default elementor-section-height-default\" data-id=\"4f7c780\" data-element_type=\"section\" data-settings=\"{&quot;background_background&quot;:&quot;classic&quot;}\">\n\t\t\t\t\t\t<div class=\"elementor-container elementor-column-gap-no\">\n\t\t\t\t\t<div class=\"elementor-column elementor-col-100 elementor-top-column elementor-element elementor-element-43578b7\" data-id=\"43578b7\" data-element_type=\"column\">\n\t\t\t<div class=\"elementor-widget-wrap elementor-element-populated\">\n\t\t\t\t\t\t<section class=\"elementor-section elementor-inner-section elementor-element elementor-element-5ec08aa elementor-section-boxed elementor-section-height-default elementor-section-height-default\" data-id=\"5ec08aa\" data-element_type=\"section\">\n\t\t\t\t\t\t<div class=\"elementor-container elementor-column-gap-no\">\n\t\t\t\t\t<div class=\"elementor-column elementor-col-100 elementor-inner-column elementor-element elementor-element-9b04c10\" data-id=\"9b04c10\" data-element_type=\"column\">\n\t\t\t<div class=\"elementor-widget-wrap elementor-element-populated\">\n\t\t\t\t\t\t<div class=\"elementor-element elementor-element-643207e elementor-widget elementor-widget-energisosectiontitle\" data-id=\"643207e\" data-element_type=\"widget\" data-widget_type=\"energisosectiontitle.default\">\n\t\t\t\t<div class=\"elementor-widget-container\">\n\t\t\t<!-- Section Title --><div class=\"title-area-two center\" ><h2 class=\"sec-subtitle subtitle-selector\">Nos clients<\/h2><h3 class=\"sec-title title-selector h1\">Au c\u0153ur de notre succ\u00e8s et de notre innovation<\/h3><p class=\"desc\">Nous sommes fiers chez ZADCO d'avoir une large base de clients provenant de diff\u00e9rents secteurs. Nous offrons des solutions intelligentes et personnalis\u00e9es qui r\u00e9pondent aux besoins de chaque client, tout en veillant \u00e0 \u00e9tablir des relations solides bas\u00e9es sur la confiance, le succ\u00e8s et des objectifs communs.<\/p><\/div><!-- End Section Title -->\t\t<\/div>\n\t\t\t\t<\/div>\n\t\t\t\t\t<\/div>\n\t\t<\/div>\n\t\t\t\t\t<\/div>\n\t\t<\/section>\n\t\t\t\t\t<\/div>\n\t\t<\/div>\n\t\t\t\t\t<\/div>\n\t\t<\/section>\n\t\t\t\t<\/div>\n\t\t","protected":false},"excerpt":{"rendered":"<p>Nos clients Nos clients Au c\u0153ur de notre succ\u00e8s et de notre innovation Nous sommes fiers chez ZADCO d&#8217;avoir une large base de clients provenant de diff\u00e9rents secteurs. Nous offrons des solutions intelligentes et personnalis\u00e9es qui r\u00e9pondent aux besoins de chaque client, tout en veillant \u00e0 \u00e9tablir des relations solides bas\u00e9es sur la confiance, le&#8230;<\/p>\n","protected":false},"author":1,"featured_media":0,"parent":0,"menu_order":0,"comment_status":"closed","ping_status":"closed","template":"template-builder.php","meta":{"footnotes":""},"class_list":["post-6067","page","type-page","status-publish","hentry"],"yoast_head":"<!-- This site is optimized with the Yoast SEO plugin v27.1.1 - https:\/\/yoast.com\/product\/yoast-seo-wordpress\/ -->\n<title>Nos clients - zadco \u0632\u0627\u062f\u0643\u0648<\/title>\n<meta name=\"description\" content=\"Nos clients Nos clientsAu c\u0153ur de notre succ\u00e8s et de notre innovationNous sommes fiers chez ZADCO d&#039;avoir une large base de clients provenant de\" \/>\n<meta name=\"robots\" content=\"index, follow, max-snippet:-1, max-image-preview:large, max-video-preview:-1\" \/>\n<link rel=\"canonical\" href=\"https:\/\/www.zadco-sg.com\/fr\/nos-clients\/\" \/>\n<meta property=\"og:locale\" content=\"fr_FR\" \/>\n<meta property=\"og:type\" content=\"article\" \/>\n<meta property=\"og:title\" content=\"Nos clients - zadco \u0632\u0627\u062f\u0643\u0648\" \/>\n<meta property=\"og:description\" content=\"Nos clients Nos clientsAu c\u0153ur de notre succ\u00e8s et de notre innovationNous sommes fiers chez ZADCO d&#039;avoir une large base de clients provenant de\" \/>\n<meta property=\"og:url\" content=\"https:\/\/www.zadco-sg.com\/fr\/nos-clients\/\" \/>\n<meta property=\"og:site_name\" content=\"zadco \u0632\u0627\u062f\u0643\u0648\" \/>\n<meta property=\"article:publisher\" content=\"https:\/\/www.facebook.com\/zadcocomapny\" \/>\n<meta property=\"article:modified_time\" content=\"2025-08-25T10:34:38+00:00\" \/>\n<meta property=\"og:image\" content=\"https:\/\/www.zadco-sg.com\/wp-content\/uploads\/2025\/07\/electrical-energy.jpg\" \/>\n\t<meta property=\"og:image:width\" content=\"1920\" \/>\n\t<meta property=\"og:image:height\" content=\"1080\" \/>\n\t<meta property=\"og:image:type\" content=\"image\/jpeg\" \/>\n<meta name=\"twitter:card\" content=\"summary_large_image\" \/>\n<script type=\"application\/ld+json\" class=\"yoast-schema-graph\">{\"@context\":\"https:\/\/schema.org\",\"@graph\":[{\"@type\":\"WebPage\",\"@id\":\"https:\/\/www.zadco-sg.com\/fr\/nos-clients\/\",\"url\":\"https:\/\/www.zadco-sg.com\/fr\/nos-clients\/\",\"name\":\"Nos clients - zadco \u0632\u0627\u062f\u0643\u0648\",\"isPartOf\":{\"@id\":\"https:\/\/www.zadco-sg.com\/#website\"},\"datePublished\":\"2024-09-05T14:09:56+00:00\",\"dateModified\":\"2025-08-25T10:34:38+00:00\",\"description\":\"Nos clients Nos clientsAu c\u0153ur de notre succ\u00e8s et de notre innovationNous sommes fiers chez ZADCO d'avoir une large base de clients provenant de\",\"breadcrumb\":{\"@id\":\"https:\/\/www.zadco-sg.com\/fr\/nos-clients\/#breadcrumb\"},\"inLanguage\":\"fr-FR\",\"potentialAction\":[{\"@type\":\"ReadAction\",\"target\":[\"https:\/\/www.zadco-sg.com\/fr\/nos-clients\/\"]}]},{\"@type\":\"BreadcrumbList\",\"@id\":\"https:\/\/www.zadco-sg.com\/fr\/nos-clients\/#breadcrumb\",\"itemListElement\":[{\"@type\":\"ListItem\",\"position\":1,\"name\":\"Home\",\"item\":\"https:\/\/www.zadco-sg.com\/fr\/\"},{\"@type\":\"ListItem\",\"position\":2,\"name\":\"Nos clients\"}]},{\"@type\":\"WebSite\",\"@id\":\"https:\/\/www.zadco-sg.com\/#website\",\"url\":\"https:\/\/www.zadco-sg.com\/\",\"name\":\"zadco \u0632\u0627\u062f\u0643\u0648\",\"description\":\"\u0646\u0628\u062f\u0623 \u0628\u0627\u0644\u0646\u0632\u0627\u0647\u0629 \u0648\u0646\u0646\u062a\u0647\u064a \u0628\u0627\u0644\u062a\u0645\u064a\u0632\",\"publisher\":{\"@id\":\"https:\/\/www.zadco-sg.com\/#organization\"},\"potentialAction\":[{\"@type\":\"SearchAction\",\"target\":{\"@type\":\"EntryPoint\",\"urlTemplate\":\"https:\/\/www.zadco-sg.com\/?s={search_term_string}\"},\"query-input\":{\"@type\":\"PropertyValueSpecification\",\"valueRequired\":true,\"valueName\":\"search_term_string\"}}],\"inLanguage\":\"fr-FR\"},{\"@type\":\"Organization\",\"@id\":\"https:\/\/www.zadco-sg.com\/#organization\",\"name\":\"zadco \u0632\u0627\u062f\u0643\u0648\",\"url\":\"https:\/\/www.zadco-sg.com\/\",\"logo\":{\"@type\":\"ImageObject\",\"inLanguage\":\"fr-FR\",\"@id\":\"https:\/\/www.zadco-sg.com\/#\/schema\/logo\/image\/\",\"url\":\"https:\/\/www.zadco-sg.com\/wp-content\/uploads\/2025\/08\/zadco-finle-logo-1-2-1-1.png\",\"contentUrl\":\"https:\/\/www.zadco-sg.com\/wp-content\/uploads\/2025\/08\/zadco-finle-logo-1-2-1-1.png\",\"width\":234,\"height\":119,\"caption\":\"zadco \u0632\u0627\u062f\u0643\u0648\"},\"image\":{\"@id\":\"https:\/\/www.zadco-sg.com\/#\/schema\/logo\/image\/\"},\"sameAs\":[\"https:\/\/www.facebook.com\/zadcocomapny\",\"https:\/\/www.instagram.com\/zadcosolutions\/\",\"https:\/\/www.youtube.com\/@ZadcoCompanyLy\"]}]}<\/script>\n<!-- \/ Yoast SEO plugin. -->","yoast_head_json":{"title":"Nos clients - zadco \u0632\u0627\u062f\u0643\u0648","description":"Nos clients Nos clientsAu c\u0153ur de notre succ\u00e8s et de notre innovationNous sommes fiers chez ZADCO d'avoir une large base de clients provenant de","robots":{"index":"index","follow":"follow","max-snippet":"max-snippet:-1","max-image-preview":"max-image-preview:large","max-video-preview":"max-video-preview:-1"},"canonical":"https:\/\/www.zadco-sg.com\/fr\/nos-clients\/","og_locale":"fr_FR","og_type":"article","og_title":"Nos clients - zadco \u0632\u0627\u062f\u0643\u0648","og_description":"Nos clients Nos clientsAu c\u0153ur de notre succ\u00e8s et de notre innovationNous sommes fiers chez ZADCO d'avoir une large base de clients provenant de","og_url":"https:\/\/www.zadco-sg.com\/fr\/nos-clients\/","og_site_name":"zadco \u0632\u0627\u062f\u0643\u0648","article_publisher":"https:\/\/www.facebook.com\/zadcocomapny","article_modified_time":"2025-08-25T10:34:38+00:00","og_image":[{"width":1920,"height":1080,"url":"https:\/\/www.zadco-sg.com\/wp-content\/uploads\/2025\/07\/electrical-energy.jpg","type":"image\/jpeg"}],"twitter_card":"summary_large_image","schema":{"@context":"https:\/\/schema.org","@graph":[{"@type":"WebPage","@id":"https:\/\/www.zadco-sg.com\/fr\/nos-clients\/","url":"https:\/\/www.zadco-sg.com\/fr\/nos-clients\/","name":"Nos clients - zadco \u0632\u0627\u062f\u0643\u0648","isPartOf":{"@id":"https:\/\/www.zadco-sg.com\/#website"},"datePublished":"2024-09-05T14:09:56+00:00","dateModified":"2025-08-25T10:34:38+00:00","description":"Nos clients Nos clientsAu c\u0153ur de notre succ\u00e8s et de notre innovationNous sommes fiers chez ZADCO d'avoir une large base de clients provenant de","breadcrumb":{"@id":"https:\/\/www.zadco-sg.com\/fr\/nos-clients\/#breadcrumb"},"inLanguage":"fr-FR","potentialAction":[{"@type":"ReadAction","target":["https:\/\/www.zadco-sg.com\/fr\/nos-clients\/"]}]},{"@type":"BreadcrumbList","@id":"https:\/\/www.zadco-sg.com\/fr\/nos-clients\/#breadcrumb","itemListElement":[{"@type":"ListItem","position":1,"name":"Home","item":"https:\/\/www.zadco-sg.com\/fr\/"},{"@type":"ListItem","position":2,"name":"Nos clients"}]},{"@type":"WebSite","@id":"https:\/\/www.zadco-sg.com\/#website","url":"https:\/\/www.zadco-sg.com\/","name":"zadco \u0632\u0627\u062f\u0643\u0648","description":"\u0646\u0628\u062f\u0623 \u0628\u0627\u0644\u0646\u0632\u0627\u0647\u0629 \u0648\u0646\u0646\u062a\u0647\u064a \u0628\u0627\u0644\u062a\u0645\u064a\u0632","publisher":{"@id":"https:\/\/www.zadco-sg.com\/#organization"},"potentialAction":[{"@type":"SearchAction","target":{"@type":"EntryPoint","urlTemplate":"https:\/\/www.zadco-sg.com\/?s={search_term_string}"},"query-input":{"@type":"PropertyValueSpecification","valueRequired":true,"valueName":"search_term_string"}}],"inLanguage":"fr-FR"},{"@type":"Organization","@id":"https:\/\/www.zadco-sg.com\/#organization","name":"zadco \u0632\u0627\u062f\u0643\u0648","url":"https:\/\/www.zadco-sg.com\/","logo":{"@type":"ImageObject","inLanguage":"fr-FR","@id":"https:\/\/www.zadco-sg.com\/#\/schema\/logo\/image\/","url":"https:\/\/www.zadco-sg.com\/wp-content\/uploads\/2025\/08\/zadco-finle-logo-1-2-1-1.png","contentUrl":"https:\/\/www.zadco-sg.com\/wp-content\/uploads\/2025\/08\/zadco-finle-logo-1-2-1-1.png","width":234,"height":119,"caption":"zadco \u0632\u0627\u062f\u0643\u0648"},"image":{"@id":"https:\/\/www.zadco-sg.com\/#\/schema\/logo\/image\/"},"sameAs":["https:\/\/www.facebook.com\/zadcocomapny","https:\/\/www.instagram.com\/zadcosolutions\/","https:\/\/www.youtube.com\/@ZadcoCompanyLy"]}]}},"_links":{"self":[{"href":"https:\/\/www.zadco-sg.com\/fr\/wp-json\/wp\/v2\/pages\/6067","targetHints":{"allow":["GET"]}}],"collection":[{"href":"https:\/\/www.zadco-sg.com\/fr\/wp-json\/wp\/v2\/pages"}],"about":[{"href":"https:\/\/www.zadco-sg.com\/fr\/wp-json\/wp\/v2\/types\/page"}],"author":[{"embeddable":true,"href":"https:\/\/www.zadco-sg.com\/fr\/wp-json\/wp\/v2\/users\/1"}],"replies":[{"embeddable":true,"href":"https:\/\/www.zadco-sg.com\/fr\/wp-json\/wp\/v2\/comments?post=6067"}],"version-history":[{"count":20,"href":"https:\/\/www.zadco-sg.com\/fr\/wp-json\/wp\/v2\/pages\/6067\/revisions"}],"predecessor-version":[{"id":10949,"href":"https:\/\/www.zadco-sg.com\/fr\/wp-json\/wp\/v2\/pages\/6067\/revisions\/10949"}],"wp:attachment":[{"href":"https:\/\/www.zadco-sg.com\/fr\/wp-json\/wp\/v2\/media?parent=6067"}],"curies":[{"name":"wp","href":"https:\/\/api.w.org\/{rel}","templated":true}]}}